{"id":15,"date":"2017-01-22T15:21:09","date_gmt":"2017-01-22T14:21:09","guid":{"rendered":"http:\/\/test.cb-ikt.de\/?page_id=15"},"modified":"2023-07-10T08:37:39","modified_gmt":"2023-07-10T06:37:39","slug":"kontakt","status":"publish","type":"page","link":"https:\/\/www.cb-ikt.de\/de\/kontakt\/","title":{"rendered":"Kontakt"},"content":{"rendered":"<p>Ob Telefon, E-Mail, Fax oder Brief; wir sind jederzeit f\u00fcr Sie erreichbar.<\/p>\n<p><strong>Anschrift:<\/strong><br \/>\ncb.ikt<br \/>\nInformations- und Kommunikationstechnik<br \/>\nAuf der R\u00f6th 18a<br \/>\nD-90518 Altdorf b. N\u00fcrnberg<br \/>\nDeutschland<\/p>\n<p><strong>Telefon:<\/strong> +49 (0) 911 23754937<br \/>\n<strong>Fax: <\/strong>+49 (0) 911 23754938<\/p>\n<p><strong>E-Mail:<\/strong> <a href=\"ma&#105;&#108;&#116;&#111;&#x3a;&#x69;&#x6e;&#x66;&#x6f;&#64;c&#98;&#45;&#105;&#107;&#x74;&#x2e;&#x64;&#x65;\">&#105;&#x6e;&#102;&#x6f;&#64;&#x63;&#98;&#x2d;i&#x6b;t&#x2e;d&#x65;<\/a><\/p>\n<p>Gerne vereinbaren wir mit Ihnen einen unverbindlichen Beratungstermin. Wir freuen uns darauf Ihre Vorhaben in die Realit\u00e4t umzusetzen.<\/p>\n","protected":false},"excerpt":{"rendered":"<p>Ob Telefon, E-Mail, Fax oder Brief; wir sind jederzeit f\u00fcr Sie erreichbar. Anschrift: cb.ikt Informations- und Kommunikationstechnik Auf der R\u00f6th 18a D-90518 Altdorf b. N\u00fcrnberg Deutschland Telefon: +49 (0) 911 23754937 Fax: +49 (0) 911 23754938 E-Mail: &#x69;&#x6e;&#102;&#111;&#64;&#x63;&#x62;&#x2d;&#105;kt&#x2e;&#x64;&#101; Gerne vereinbaren wir mit Ihnen einen unverbindlichen Beratungstermin. Wir freuen uns darauf Ihre Vorhaben in die Realit\u00e4t &hellip; <a href=\"https:\/\/www.cb-ikt.de\/de\/kontakt\/\" class=\"more-link\"><span class=\"screen-reader-text\">&#8222;Kontakt&#8220; <\/span>weiterlesen<\/a><\/p>\n","protected":false},"author":2,"featured_media":220,"parent":0,"menu_order":0,"comment_status":"closed","ping_status":"closed","template":"","meta":{"_acf_changed":false,"footnotes":""},"class_list":["post-15","page","type-page","status-publish","has-post-thumbnail","hentry"],"acf":[],"_links":{"self":[{"href":"https:\/\/www.cb-ikt.de\/de\/wp-json\/wp\/v2\/pages\/15","targetHints":{"allow":["GET"]}}],"collection":[{"href":"https:\/\/www.cb-ikt.de\/de\/wp-json\/wp\/v2\/pages"}],"about":[{"href":"https:\/\/www.cb-ikt.de\/de\/wp-json\/wp\/v2\/types\/page"}],"author":[{"embeddable":true,"href":"https:\/\/www.cb-ikt.de\/de\/wp-json\/wp\/v2\/users\/2"}],"replies":[{"embeddable":true,"href":"https:\/\/www.cb-ikt.de\/de\/wp-json\/wp\/v2\/comments?post=15"}],"version-history":[{"count":12,"href":"https:\/\/www.cb-ikt.de\/de\/wp-json\/wp\/v2\/pages\/15\/revisions"}],"predecessor-version":[{"id":424,"href":"https:\/\/www.cb-ikt.de\/de\/wp-json\/wp\/v2\/pages\/15\/revisions\/424"}],"wp:featuredmedia":[{"embeddable":true,"href":"https:\/\/www.cb-ikt.de\/de\/wp-json\/wp\/v2\/media\/220"}],"wp:attachment":[{"href":"https:\/\/www.cb-ikt.de\/de\/wp-json\/wp\/v2\/media?parent=15"}],"curies":[{"name":"wp","href":"https:\/\/api.w.org\/{rel}","templated":true}]}}