{"id":50,"date":"2017-01-22T17:53:00","date_gmt":"2017-01-22T16:53:00","guid":{"rendered":"http:\/\/test.cb-ikt.de\/?page_id=50\/"},"modified":"2017-02-22T01:34:19","modified_gmt":"2017-02-22T00:34:19","slug":"webdesign-und-web-dienste","status":"publish","type":"page","link":"https:\/\/www.cb-ikt.de\/de\/webdesign-und-web-dienste\/","title":{"rendered":"Webdesign und Web-Dienste"},"content":{"rendered":"<p>Von der ersten Skizze bis zum bezugsfertigen Internetportal, wir bringen Sie ins Internet. Im Folgenden sind die Schritte f\u00fcr den Aufbau Ihrer eigenen Homepage beschrieben, die wir gemeinsam mit Ihnen gehen. Wir entwickeln mit Ihnen gemeinsam ein Konzept f\u00fcr Ihre Seite, erstellen ein Webdesign und binden dieses in Redaktionssysteme ein. Gerne \u00fcbernehmen wir aber auch bereits begonnene Projekte und entwickeln diese nach Ihren Vorstellungen weiter.<\/p>\n<h2>Design<\/h2>\n<p>Der Besucher einer Internetseite entscheidet innerhalb der ersten Augenblicke, ob er auf der Seite verweilt. Deshalb sind bei der Entwicklung eines <strong>Webdesigns<\/strong> verschiedene Faktoren zu ber\u00fccksichtigen. Ein Kompromiss zwischen dynamischen Elementen und sauberer Struktur sorgt dabei daf\u00fcr, dass die Webseite einerseits nicht langweilig wirkt, andererseits aber bedienbar bleibt.<\/p>\n<p>Im selben Zug wird auch Wert auf Barrierefreiheit und eine nach Web-Standards valide Entwicklung gelegt. Diese beiden Punkte sorgen nicht nur daf\u00fcr, dass die Webseite f\u00fcr Ihre Besucher besser lesbar wird sondern sind auch erste Schritte in Richtung einer Suchmaschinenoptimierung (s.u.).<\/p>\n<h2>Redaktionssysteme<\/h2>\n<p>Abh\u00e4ngig von Ihrem Vorhaben bietet sich die Nutzung kostenfreier Redaktionssysteme an. cb.ikt bietet Ihnen f\u00fcr browserbasierte Anwendungen passende Dienstleistungen: von der Einrichtung eines Servers, der Installation, Erweiterung und Anpassung der Anwendung bis hin zur Erstellung von Inhalten oder dem eigenst\u00e4ndigen Betrieb Ihrer Seite. Einen \u00dcberblick \u00fcber die h\u00e4ufigsten Redaktionssysteme haben wir f\u00fcr Sie hier zusammengestellt, gerne beantworten wir Ihnen Ihre <a href=\"https:\/\/www.cb-ikt.de\/contact\/\">Fragen<\/a>.<\/p>\n<p><strong>Content Management Systeme (CMS):<\/strong><br \/>\nDer am h\u00e4ufigsten verbreitete Typ von Redaktionssystemen ist das CMS. Es dient zur Verwaltung einer Seite, die allgemein Inhalte bereit stellt, ohne einen besonderen Schwerpunkt zu bilden.<br \/>\n<em>Beispiele:<\/em> WordPress, Typo3, Drupal, Joomla<\/p>\n<p><strong>Internethandel:<\/strong><br \/>\nE-Business, der Verkauf von Produkten und Dienstleistungen \u00fcber das Internet boomt seit Jahren. W\u00e4hrend Kunden in Kaufh\u00e4user an Laden\u00f6ffnungszeiten gebunden sind, kann man im Internet rund um die Uhr in Web-Shops einkaufen. Der Schritt vom regul\u00e4ren Laden ins Internet ist einfacher als man zun\u00e4chst denkt. Produkt- und Bestandslisten k\u00f6nnen durch automatisierten Datenaustausch in den Shop eingebunden werden. Der Export aus dem Shop in vorhandene Software, z.B. in Fakturierungssysteme, ist ebenfalls realisierbar.<br \/>\n<em>Beispiele:<\/em> Magento, xt-commerce, osCommerce<\/p>\n<p><strong>Intranet\/Extranet\/Groupware:<\/strong><br \/>\nDieser Typ browserbasierter Anwendungen wird h\u00e4ufig zur Steigerung und Verbesserung der Kommunikation innerhalb von Gruppen verwendet. In Unternehmen k\u00f6nnen Intranets innerhalb des Firmennetzwerks allgemeine Informationen f\u00fcr alle Mitarbeiter zur Verf\u00fcgung stellen, aber auch zu Kollaborationszwecken genutzt werden. Auch der externe Zugang (Extranet) zu bestimmten Daten aus dem Firmennetzwerk ist m\u00f6glich. Dabei setzt man auf sorgf\u00e4ltige Planung und Entwicklung eines Sicherheitskonzepts, damit Sie sich vor unberechtigtem Zugriff sch\u00fctzen k\u00f6nnen.<br \/>\n<em>Beispiele:<\/em> OpenAtrium, Horde<\/p>\n<p><strong>Eigenentwicklungen nach Kundenwunsch:<\/strong><br \/>\nManchmal muss es doch noch ganz anders werden. Haben Sie ganz spezielle W\u00fcnsche und Vorstellungen f\u00fcr Ihre Internetpr\u00e4senz und Projekte? Auch hierf\u00fcr stehen wir Ihnen mit unseren Entwicklern zur Seite. Nach einer Anforderungsanalyse konzeptionieren, entwickeln und warten wir Ihr Projekt.<\/p>\n<h2>Suchmaschinenoptimierung und -marketing<\/h2>\n<p>Jede Internetseite lebt von ihrer Frequentierung, denn eine Seite ohne Besucher kostet nur Geld und erzielt f\u00fcr den Betreiber keinen Effekt.<\/p>\n<p>Eine <strong>Suchmaschinenoptimierung (SEO)<\/strong> stellt sicher, dass Sie mit Ihrem Projekt ein m\u00f6glichst gro\u00dfes Publikum erreichen. Hierf\u00fcr wird die Struktur, der Inhalt sowie die Technik Ihrer Seite untersucht und f\u00fcr eine bessere Durchsuchbarkeit optimiert.<\/p>\n<p>In einem weiteren Schritt wird durch gezieltes <strong>Suchmaschinenmarketing (SEM)<\/strong> auf ein bessere Platzierung in den Suchergebnissen optimiert. Hierf\u00fcr ist es von gro\u00dfer Bedeutung mit Ihnen zentrale Suchbegriffe festzulegen. Ein langfristig angelegtes Marketing sorgt daf\u00fcr, dass die Seite auch nach einem Jahr noch unter den besten Suchergebnissen zu finden ist.<\/p>\n<p>Bei allen Bem\u00fchungen, sich m\u00f6glichst gut zu platzieren, ist bei diesen Ma\u00dfnahmen eine gewisse Vorsicht und Konstanz zu achten. Eine \u00dcbertriebene Nutzung oder ein pl\u00f6tzliches Einstellen der o.g. Methoden kann zu ganz negativen Resultaten f\u00fchren.<\/p>\n<p>Durch unsere Erfahrung bieten wir Ihnen ein Gesamtpaket aus <strong>Beratung<\/strong>, auf Ihre Bed\u00fcrfnisse zugeschnittene <strong>Optimierungen<\/strong> und einer <strong>Erfolgsanalyse<\/strong>. Gerne kl\u00e4ren wir in einem pers\u00f6nlichen Gespr\u00e4ch folgende Fragestellungen:<\/p>\n<ul>\n<li>Wie optimieren wir Webseiten suchmaschinengerecht?<\/li>\n<li>Welche Methoden verwenden wir um die Relevanz Ihrer Seite zu steigern?<\/li>\n<li>Aus welchem Grund sind die von uns eingesetzten Techniken erfolgsversprechend?<\/li>\n<li>Sind die Ergebnisse messbar?<\/li>\n<\/ul>\n<h2>Angebot<\/h2>\n<p><a href=\"https:\/\/www.cb-ikt.de\/de\/kontakt\/\">Kontaktieren<\/a> Sie uns, damit wir mit Ihnen ein individuelles Angebot erarbeiten k\u00f6nnen.<\/p>\n","protected":false},"excerpt":{"rendered":"<p>Von der ersten Skizze bis zum bezugsfertigen Internetportal, wir bringen Sie ins Internet. Im Folgenden sind die Schritte f\u00fcr den Aufbau Ihrer eigenen Homepage beschrieben, die wir gemeinsam mit Ihnen gehen. Wir entwickeln mit Ihnen gemeinsam ein Konzept f\u00fcr Ihre Seite, erstellen ein Webdesign und binden dieses in Redaktionssysteme ein. Gerne \u00fcbernehmen wir aber auch &hellip; <a href=\"https:\/\/www.cb-ikt.de\/de\/webdesign-und-web-dienste\/\" class=\"more-link\"><span class=\"screen-reader-text\">&#8222;Webdesign und Web-Dienste&#8220; <\/span>weiterlesen<\/a><\/p>\n","protected":false},"author":2,"featured_media":335,"parent":0,"menu_order":0,"comment_status":"closed","ping_status":"closed","template":"","meta":{"_acf_changed":false,"footnotes":""},"class_list":["post-50","page","type-page","status-publish","has-post-thumbnail","hentry"],"acf":[],"_links":{"self":[{"href":"https:\/\/www.cb-ikt.de\/de\/wp-json\/wp\/v2\/pages\/50","targetHints":{"allow":["GET"]}}],"collection":[{"href":"https:\/\/www.cb-ikt.de\/de\/wp-json\/wp\/v2\/pages"}],"about":[{"href":"https:\/\/www.cb-ikt.de\/de\/wp-json\/wp\/v2\/types\/page"}],"author":[{"embeddable":true,"href":"https:\/\/www.cb-ikt.de\/de\/wp-json\/wp\/v2\/users\/2"}],"replies":[{"embeddable":true,"href":"https:\/\/www.cb-ikt.de\/de\/wp-json\/wp\/v2\/comments?post=50"}],"version-history":[{"count":3,"href":"https:\/\/www.cb-ikt.de\/de\/wp-json\/wp\/v2\/pages\/50\/revisions"}],"predecessor-version":[{"id":337,"href":"https:\/\/www.cb-ikt.de\/de\/wp-json\/wp\/v2\/pages\/50\/revisions\/337"}],"wp:featuredmedia":[{"embeddable":true,"href":"https:\/\/www.cb-ikt.de\/de\/wp-json\/wp\/v2\/media\/335"}],"wp:attachment":[{"href":"https:\/\/www.cb-ikt.de\/de\/wp-json\/wp\/v2\/media?parent=50"}],"curies":[{"name":"wp","href":"https:\/\/api.w.org\/{rel}","templated":true}]}}