{"id":55,"date":"2017-01-22T21:11:51","date_gmt":"2017-01-22T20:11:51","guid":{"rendered":"http:\/\/test.cb-ikt.de\/?page_id=55\/"},"modified":"2017-02-09T09:17:22","modified_gmt":"2017-02-09T08:17:22","slug":"start","status":"publish","type":"page","link":"https:\/\/www.cb-ikt.de\/de\/","title":{"rendered":"Start"},"content":{"rendered":"<h2>cb.ikt \u2013 IT, Administration, Netzplanung und Webdesign<\/h2>\n<p>cb.ikt ist Ihr Anbieter f\u00fcr IT- und Web-Dienstleistungen in N\u00fcrnberg und Mittelfranken. Wir stehen Ihnen mit unserem Know-How und einem kompetenten Team zur Verf\u00fcgung. Melden Sie sich bei uns, wir wollen Ihre Ideen Wirklichkeit werden lassen.<\/p>\n","protected":false},"excerpt":{"rendered":"<p>cb.ikt \u2013 IT, Administration, Netzplanung und Webdesign cb.ikt ist Ihr Anbieter f\u00fcr IT- und Web-Dienstleistungen in N\u00fcrnberg und Mittelfranken. Wir stehen Ihnen mit unserem Know-How und einem kompetenten Team zur Verf\u00fcgung. Melden Sie sich bei uns, wir wollen Ihre Ideen Wirklichkeit werden lassen.<\/p>\n","protected":false},"author":2,"featured_media":0,"parent":0,"menu_order":0,"comment_status":"closed","ping_status":"closed","template":"home.php","meta":{"_acf_changed":false,"footnotes":""},"class_list":["post-55","page","type-page","status-publish","hentry"],"acf":[],"_links":{"self":[{"href":"https:\/\/www.cb-ikt.de\/de\/wp-json\/wp\/v2\/pages\/55","targetHints":{"allow":["GET"]}}],"collection":[{"href":"https:\/\/www.cb-ikt.de\/de\/wp-json\/wp\/v2\/pages"}],"about":[{"href":"https:\/\/www.cb-ikt.de\/de\/wp-json\/wp\/v2\/types\/page"}],"author":[{"embeddable":true,"href":"https:\/\/www.cb-ikt.de\/de\/wp-json\/wp\/v2\/users\/2"}],"replies":[{"embeddable":true,"href":"https:\/\/www.cb-ikt.de\/de\/wp-json\/wp\/v2\/comments?post=55"}],"version-history":[{"count":2,"href":"https:\/\/www.cb-ikt.de\/de\/wp-json\/wp\/v2\/pages\/55\/revisions"}],"predecessor-version":[{"id":276,"href":"https:\/\/www.cb-ikt.de\/de\/wp-json\/wp\/v2\/pages\/55\/revisions\/276"}],"wp:attachment":[{"href":"https:\/\/www.cb-ikt.de\/de\/wp-json\/wp\/v2\/media?parent=55"}],"curies":[{"name":"wp","href":"https:\/\/api.w.org\/{rel}","templated":true}]}}